{"id":11,"date":"2022-02-01T11:14:05","date_gmt":"2022-02-01T10:14:05","guid":{"rendered":"http:\/\/archives-sud-ouest.digital\/?page_id=11"},"modified":"2022-02-01T11:14:06","modified_gmt":"2022-02-01T10:14:06","slug":"un-consul-de-thailande","status":"publish","type":"page","link":"http:\/\/archives-sud-ouest.digital\/?page_id=11","title":{"rendered":"Un Consul de Tha\u00eflande"},"content":{"rendered":"\n<figure class=\"wp-block-image size-full\"><img loading=\"lazy\" width=\"338\" height=\"225\" src=\"http:\/\/archives-sud-ouest.digital\/wp-content\/uploads\/2022\/02\/image-1.png\" alt=\"\" class=\"wp-image-12\" srcset=\"http:\/\/archives-sud-ouest.digital\/wp-content\/uploads\/2022\/02\/image-1.png 338w, http:\/\/archives-sud-ouest.digital\/wp-content\/uploads\/2022\/02\/image-1-300x200.png 300w\" sizes=\"(max-width: 338px) 100vw, 338px\" \/><\/figure>\n\n\n\n<p>8 d\u00e9cembre 1995<\/p>\n\n\n\n<p>BORDEAUX<\/p>\n\n\n\n<h2 id=\"un-consul-de-thailande\"><strong><em>Un consul de Tha\u00eflande<\/em><\/strong><\/h2>\n\n\n\n<p><em>Le royaume de Siam sera d\u00e9sormais repr\u00e9sent\u00e9 dans le Sud-Ouest par <a href=\"http:\/\/archives-sud-ouest.digital\/?page_id=5\" title=\"M. Pathom Vongsuravatana\">M. Pathom Vongsuravatana<\/a>, n\u00e9gociant en vins.<\/em><\/p>\n\n\n\n<figure class=\"wp-block-image size-full\"><img loading=\"lazy\" width=\"454\" height=\"598\" src=\"http:\/\/archives-sud-ouest.digital\/wp-content\/uploads\/2022\/02\/image-2.png\" alt=\"\" class=\"wp-image-13\" srcset=\"http:\/\/archives-sud-ouest.digital\/wp-content\/uploads\/2022\/02\/image-2.png 454w, http:\/\/archives-sud-ouest.digital\/wp-content\/uploads\/2022\/02\/image-2-228x300.png 228w\" sizes=\"(max-width: 454px) 100vw, 454px\" \/><figcaption>Pathom Vongsuravatana&nbsp;: la volont\u00e9 de faciliter les \u00e9changes entre le Sud-Ouest et la Tha\u00eflande<em> (Photo Michel Lacroix)<\/em><\/figcaption><\/figure>\n\n\n\n<p>La Tha\u00eflande, l\u2019un des pays les plus dynamiques du Sud-Est asiatique, que l\u2019on classe d\u00e9sormais parmi les \u00ab&nbsp;nouveaux dragons&nbsp;\u00bb, sera d\u00e9sormais repr\u00e9sent\u00e9 \u00e0 Bordeaux par un consul royal honoraire. Pathom Vongsuravatana, citoyen fran\u00e7ais d\u2019origine tha\u00eflandaise, docteur de l\u2019universit\u00e9 de Bordeaux et juriste, a fait du Sud-Ouest son pays d\u2019adoption. Propri\u00e9taire \u00e0 Saint-Emilion (Ch\u00e2teau Saint-L\u00f4) il a exerc\u00e9 son dynamisme commercial \u00e0 faire diffuser les vins et eaux-de-vie de notre r\u00e9gion dans le Sud-Est asiatique et, tout naturellement dans son pays d\u2019origine.<\/p>\n\n\n\n<p>&nbsp;&nbsp; La Tha\u00eflande, qui est \u00e0 peu pr\u00e8s aussi peupl\u00e9e que la France (60 millions d\u2019habitants) pour une superficie comparable est une terre d\u2019accueil pour les investissements \u00e9trangers qui y profitent d\u2019un march\u00e9 int\u00e9rieur en pleine expansion.&nbsp; De grands groupes comme Carrefour, Danone, Thomson ou Alcatel y sont d\u00e9j\u00e0 implant\u00e9s et la Tha\u00eflande est un client important de soci\u00e9t\u00e9s comme Airbus (32 avions livr\u00e9s) ou Arianespace qui a d\u00e9j\u00e0 lanc\u00e9 un de ses satellites.<\/p>\n\n\n\n<p>&nbsp;&nbsp; Pathom Vongsuravatana, qui est tr\u00e8s connu dans les milieux d\u2019affaires de Bangkok a souvent facilit\u00e9 les contacts des investisseurs et exportateurs fran\u00e7ais dans son pays d\u2019origine.<\/p>\n\n\n\n<p>&nbsp;&nbsp; <em>Le service des visas et certification des documents du consulat royal de Tha\u00eflande ouvrira ses portes fin janvier, au 26, avenue Carnot, 33200 Bordeaux. T\u00e9l. 56.08.70.15<\/em><\/p>\n\n\n\n<p class=\"has-text-align-right\"><em>J.-P.D.<\/em><\/p>\n","protected":false},"excerpt":{"rendered":"<p>8 d\u00e9cembre 1995 BORDEAUX Un consul de Tha\u00eflande Le royaume de Siam sera d\u00e9sormais repr\u00e9sent\u00e9 dans le Sud-Ouest par M. Pathom Vongsuravatana, n\u00e9gociant en vins. La Tha\u00eflande, l\u2019un des pays les plus dynamiques du Sud-Est asiatique, que l\u2019on classe d\u00e9sormais parmi les \u00ab&nbsp;nouveaux dragons&nbsp;\u00bb, sera d\u00e9sormais repr\u00e9sent\u00e9 \u00e0 Bordeaux par un consul royal honoraire. Pathom [&hellip;]<\/p>\n","protected":false},"author":1,"featured_media":0,"parent":0,"menu_order":0,"comment_status":"closed","ping_status":"closed","template":"","meta":{"om_disable_all_campaigns":false,"_monsterinsights_skip_tracking":false,"_monsterinsights_sitenote_active":false,"_monsterinsights_sitenote_note":"","_monsterinsights_sitenote_category":0},"_links":{"self":[{"href":"http:\/\/archives-sud-ouest.digital\/index.php?rest_route=\/wp\/v2\/pages\/11"}],"collection":[{"href":"http:\/\/archives-sud-ouest.digital\/index.php?rest_route=\/wp\/v2\/pages"}],"about":[{"href":"http:\/\/archives-sud-ouest.digital\/index.php?rest_route=\/wp\/v2\/types\/page"}],"author":[{"embeddable":true,"href":"http:\/\/archives-sud-ouest.digital\/index.php?rest_route=\/wp\/v2\/users\/1"}],"replies":[{"embeddable":true,"href":"http:\/\/archives-sud-ouest.digital\/index.php?rest_route=%2Fwp%2Fv2%2Fcomments&post=11"}],"version-history":[{"count":3,"href":"http:\/\/archives-sud-ouest.digital\/index.php?rest_route=\/wp\/v2\/pages\/11\/revisions"}],"predecessor-version":[{"id":19,"href":"http:\/\/archives-sud-ouest.digital\/index.php?rest_route=\/wp\/v2\/pages\/11\/revisions\/19"}],"wp:attachment":[{"href":"http:\/\/archives-sud-ouest.digital\/index.php?rest_route=%2Fwp%2Fv2%2Fmedia&parent=11"}],"curies":[{"name":"wp","href":"https:\/\/api.w.org\/{rel}","templated":true}]}}