{"id":36,"date":"2022-02-01T15:04:38","date_gmt":"2022-02-01T14:04:38","guid":{"rendered":"http:\/\/archives-sud-ouest.digital\/?page_id=36"},"modified":"2022-03-24T18:46:49","modified_gmt":"2022-03-24T17:46:49","slug":"une-maison-de-la-thailande-bientot-a-bordeaux","status":"publish","type":"page","link":"http:\/\/archives-sud-ouest.digital\/?page_id=36","title":{"rendered":"Une maison de la Tha\u00eflande bient\u00f4t \u00e0 Bordeaux"},"content":{"rendered":"\n<h2 id=\"bordeaux-7\"><strong>Bordeaux 7<\/strong> <strong>&nbsp;&nbsp;&nbsp;&nbsp;&nbsp;<\/strong><\/h2>\n\n\n\n<p>Lundi 28 f\u00e9vrier 2005<\/p>\n\n\n\n<p><\/p>\n\n\n\n<p><strong><em>Une Maison de la Tha\u00eflande bient\u00f4t \u00e0 Bordeaux<\/em><\/strong><\/p>\n\n\n\n<p><strong>Le consul honoraire du Royaume de Tha\u00eflande a entrepris la r\u00e9novation de la c\u00e9l\u00e8bre \u00ab&nbsp;Villa Jeanne&nbsp;\u00bb au Bouscat. Objectif&nbsp;: ouvrir en septembre la premi\u00e8re Maison de la Tha\u00eflande en France.<\/strong><\/p>\n\n\n\n<figure class=\"wp-block-image size-large is-resized\"><img loading=\"lazy\" src=\"http:\/\/archives-sud-ouest.digital\/wp-content\/uploads\/2022\/02\/Photo-Bordeaux-7-1024x707.jpg\" alt=\"\" class=\"wp-image-38\" width=\"356\" height=\"245\" srcset=\"http:\/\/archives-sud-ouest.digital\/wp-content\/uploads\/2022\/02\/Photo-Bordeaux-7-1024x707.jpg 1024w, http:\/\/archives-sud-ouest.digital\/wp-content\/uploads\/2022\/02\/Photo-Bordeaux-7-300x207.jpg 300w, http:\/\/archives-sud-ouest.digital\/wp-content\/uploads\/2022\/02\/Photo-Bordeaux-7-768x530.jpg 768w, http:\/\/archives-sud-ouest.digital\/wp-content\/uploads\/2022\/02\/Photo-Bordeaux-7.jpg 1493w\" sizes=\"(max-width: 356px) 100vw, 356px\" \/><figcaption><strong>Rapha\u00ebl et Pathom Vongsuravatana, devant la Villa Jeanne<\/strong>.<\/figcaption><\/figure>\n\n\n\n<p>C\u2019est \u00e0 l\u2019occasion de la visite du roi Rama V que fut cr\u00e9\u00e9 le consulat bordelais de Tha\u00eflande en 1893. Apr\u00e8s une longue p\u00e9riode de vacances, il fut r\u00e9habilit\u00e9 en 1994 par l\u2019actuel consul, <a href=\"http:\/\/archives-sud-ouest.digital\/?page_id=11\" target=\"_blank\" rel=\"noreferrer noopener\" title=\"Pathom Vongsuravatana\">Pathom Vongsuravatana<\/a>. C\u2019est son fils, <a href=\"http:\/\/archives-gironde-sud-ouest.com\/\" title=\"Rapha\u00ebl Vongsuravatana\">Rapha\u00ebl Vongsuravatana<\/a>, qui a en charge le projet d\u2019une Maison de la Tha\u00eflande\u00a0: \u00ab\u00a0la juridiction du Consulat de Bordeaux, l\u2019un des 4 en France, est tr\u00e8s vaste. La Tha\u00eflande est la premi\u00e8re communaut\u00e9 d\u2019expatri\u00e9s fran\u00e7ais, et nous comptons notamment beaucoup de ressortissants \u00e9tudiants ici gr\u00e2ce \u00e0 des \u00e9changes universitaires.\u00a0\u00bb D\u2019o\u00f9 l\u2019id\u00e9e de cette Maison, appel\u00e9e \u00e0\u00a0 devenir un lieu de rencontre pour les ressortissants, et une vitrien de la Tha\u00eflande, avec un service culturel, une biblioth\u00e8que et un programme d\u2019expositions en partenariat avec des mus\u00e9es comme celui de Bangkok. Si le consulat restera install\u00e9 avenue Carnot, les services administratifs seront install\u00e9s dans les d\u00e9pendances de la Villa Jeanne, dont la nouvelle destination devrait \u00eatre inaugur\u00e9e en septembre \u00e0 l\u2019issue de lourds travaux, men\u00e9s depuis 7 mois sous l\u2019\u00e9gide des B\u00e2timents de France, et sur des fonds priv\u00e9s. <strong>(C.G)<\/strong><\/p>\n","protected":false},"excerpt":{"rendered":"<p>Bordeaux 7 &nbsp;&nbsp;&nbsp;&nbsp;&nbsp; Lundi 28 f\u00e9vrier 2005 Une Maison de la Tha\u00eflande bient\u00f4t \u00e0 Bordeaux Le consul honoraire du Royaume de Tha\u00eflande a entrepris la r\u00e9novation de la c\u00e9l\u00e8bre \u00ab&nbsp;Villa Jeanne&nbsp;\u00bb au Bouscat. Objectif&nbsp;: ouvrir en septembre la premi\u00e8re Maison de la Tha\u00eflande en France. C\u2019est \u00e0 l\u2019occasion de la visite du roi Rama V [&hellip;]<\/p>\n","protected":false},"author":1,"featured_media":0,"parent":0,"menu_order":0,"comment_status":"closed","ping_status":"closed","template":"","meta":{"om_disable_all_campaigns":false,"_monsterinsights_skip_tracking":false,"_monsterinsights_sitenote_active":false,"_monsterinsights_sitenote_note":"","_monsterinsights_sitenote_category":0},"_links":{"self":[{"href":"http:\/\/archives-sud-ouest.digital\/index.php?rest_route=\/wp\/v2\/pages\/36"}],"collection":[{"href":"http:\/\/archives-sud-ouest.digital\/index.php?rest_route=\/wp\/v2\/pages"}],"about":[{"href":"http:\/\/archives-sud-ouest.digital\/index.php?rest_route=\/wp\/v2\/types\/page"}],"author":[{"embeddable":true,"href":"http:\/\/archives-sud-ouest.digital\/index.php?rest_route=\/wp\/v2\/users\/1"}],"replies":[{"embeddable":true,"href":"http:\/\/archives-sud-ouest.digital\/index.php?rest_route=%2Fwp%2Fv2%2Fcomments&post=36"}],"version-history":[{"count":3,"href":"http:\/\/archives-sud-ouest.digital\/index.php?rest_route=\/wp\/v2\/pages\/36\/revisions"}],"predecessor-version":[{"id":46,"href":"http:\/\/archives-sud-ouest.digital\/index.php?rest_route=\/wp\/v2\/pages\/36\/revisions\/46"}],"wp:attachment":[{"href":"http:\/\/archives-sud-ouest.digital\/index.php?rest_route=%2Fwp%2Fv2%2Fmedia&parent=36"}],"curies":[{"name":"wp","href":"https:\/\/api.w.org\/{rel}","templated":true}]}}